{"id":7,"date":"2018-03-01T18:42:40","date_gmt":"2018-03-01T17:42:40","guid":{"rendered":"http:\/\/www.kanudeluxe.de\/?page_id=7"},"modified":"2025-12-11T12:47:27","modified_gmt":"2025-12-11T11:47:27","slug":"startseite","status":"publish","type":"page","link":"https:\/\/www.kanudeluxe.de\/","title":{"rendered":"Kanutour auf der Ruhr \u2013 die sch\u00f6nste Strecke zwischen Hattingen und Essen"},"content":{"rendered":"<section class=\"section section-faq\">\n<div class=\"section-inner\">\u00a0<\/div>\n<\/section>\n\n\n<p>Entspannt paddeln, gr\u00fcne Ruhr-Auen, kaum Umtragen und eine Strecke, die wir seit vielen Jahren mit tausenden G\u00e4sten fahren. Ideal f\u00fcr Familien, Freundesgruppen, Firmen und Schulklassen.<\/p>\n\n\n\n<p><a href=\"https:\/\/www.querfeldeins.org\/events\/4163\">Kanutour jetzt online buchen <\/a> <a href=\"https:\/\/www.querfeldeins.org\/events\/4164\">Angebot f\u00fcr gr\u00f6\u00dfere Gruppen &amp; Firmen<\/a><\/p>\n\n\n\n<p>Buchung und Terminverwaltung laufen sicher und komfortabel \u00fcber unser Buchungssystem auf querfeldeins.org.<\/p>\n\n\n\n<figure class=\"wp-block-image size-large\"><img loading=\"lazy\" decoding=\"async\" width=\"1024\" height=\"184\" src=\"https:\/\/www.kanudeluxe.de\/wp-content\/uploads\/2018\/03\/MG_7302-e1519934054197-1024x184.jpg\" alt=\"\" class=\"wp-image-25\" srcset=\"https:\/\/www.kanudeluxe.de\/wp-content\/uploads\/2018\/03\/MG_7302-e1519934054197-1024x184.jpg 1024w, https:\/\/www.kanudeluxe.de\/wp-content\/uploads\/2018\/03\/MG_7302-e1519934054197-300x54.jpg 300w, https:\/\/www.kanudeluxe.de\/wp-content\/uploads\/2018\/03\/MG_7302-e1519934054197-768x138.jpg 768w\" sizes=\"auto, (max-width: 767px) 89vw, (max-width: 1000px) 54vw, (max-width: 1071px) 543px, 580px\" \/><\/figure>\n\n\n\n<p><strong>Warum diese Kanutour auf der Ruhr unsere Lieblingsstrecke ist<\/strong><\/p>\n\n\n\n<p>Wir sind seit vielen Jahren auf der Ruhr unterwegs und kennen fast jede Ecke. Die Strecke zwischen Hattingen und Essen-Horst ist f\u00fcr uns die beste Kombination aus Natur, Sicherheit und Erlebnis.<\/p>\n\n\n\n<ul class=\"wp-block-list\">\n<li>Wundersch\u00f6ne Ruhrlandschaft mit viel Gr\u00fcn, ohne Gro\u00dfstadt-Stress \u2013 aber trotzdem gut erreichbar.<\/li>\n\n\n\n<li>Kaum Umtragen, gut planbare Wasserst\u00e4nde \u2013 ideal f\u00fcr Einsteiger und Familien.<\/li>\n\n\n\n<li>Gef\u00fchrte Tour mit Einweisung, Schwimmwesten und pers\u00f6nlicher Betreuung vor Ort.<\/li>\n\n\n\n<li>Flexible Startzeiten f\u00fcr Gruppen, Firmen und Schulklassen nach Absprache.<\/li>\n<\/ul>\n\n\n\n<p><\/p>\n\n\n\n<p><\/p>\n","protected":false},"excerpt":{"rendered":"<p>\u00a0 Entspannt paddeln, gr\u00fcne Ruhr-Auen, kaum Umtragen und eine Strecke, die wir seit vielen Jahren mit tausenden G\u00e4sten fahren. Ideal f\u00fcr Familien, Freundesgruppen, Firmen und Schulklassen. Kanutour jetzt online buchen Angebot f\u00fcr gr\u00f6\u00dfere Gruppen &amp; Firmen Buchung und Terminverwaltung laufen sicher und komfortabel \u00fcber unser Buchungssystem auf querfeldeins.org. Warum diese Kanutour auf der Ruhr unsere &hellip; <\/p>\n<p class=\"link-more\"><a href=\"https:\/\/www.kanudeluxe.de\/\" class=\"more-link\"><span class=\"screen-reader-text\">\u201eKanutour auf der Ruhr \u2013 die sch\u00f6nste Strecke zwischen Hattingen und Essen\u201c <\/span>weiterlesen<\/a><\/p>\n","protected":false},"author":1,"featured_media":0,"parent":0,"menu_order":0,"comment_status":"closed","ping_status":"closed","template":"","meta":{"footnotes":""},"class_list":["post-7","page","type-page","status-publish","hentry"],"_links":{"self":[{"href":"https:\/\/www.kanudeluxe.de\/index.php\/wp-json\/wp\/v2\/pages\/7","targetHints":{"allow":["GET"]}}],"collection":[{"href":"https:\/\/www.kanudeluxe.de\/index.php\/wp-json\/wp\/v2\/pages"}],"about":[{"href":"https:\/\/www.kanudeluxe.de\/index.php\/wp-json\/wp\/v2\/types\/page"}],"author":[{"embeddable":true,"href":"https:\/\/www.kanudeluxe.de\/index.php\/wp-json\/wp\/v2\/users\/1"}],"replies":[{"embeddable":true,"href":"https:\/\/www.kanudeluxe.de\/index.php\/wp-json\/wp\/v2\/comments?post=7"}],"version-history":[{"count":11,"href":"https:\/\/www.kanudeluxe.de\/index.php\/wp-json\/wp\/v2\/pages\/7\/revisions"}],"predecessor-version":[{"id":166,"href":"https:\/\/www.kanudeluxe.de\/index.php\/wp-json\/wp\/v2\/pages\/7\/revisions\/166"}],"wp:attachment":[{"href":"https:\/\/www.kanudeluxe.de\/index.php\/wp-json\/wp\/v2\/media?parent=7"}],"curies":[{"name":"wp","href":"https:\/\/api.w.org\/{rel}","templated":true}]}}